{"id":16039,"date":"2024-10-13T18:20:48","date_gmt":"2024-10-13T16:20:48","guid":{"rendered":"https:\/\/balispecialtycoffee.com\/?page_id=16039"},"modified":"2024-10-13T18:41:58","modified_gmt":"2024-10-13T16:41:58","slug":"partners","status":"publish","type":"page","link":"https:\/\/balispecialtycoffee.com\/en\/partners\/","title":{"rendered":"Partners"},"content":{"rendered":"<div class=\"wp-block-columns is-layout-flex wp-container-core-columns-is-layout-1 wp-block-columns-is-layout-flex\"><div class=\"wp-block-column is-layout-flow wp-block-column-is-layout-flow\"><h2 class=\"wp-block-heading\">Desarrollo web<\/h2>\n\n<p>Creaci\u00f3n de contenidos y enriquecimiento SEO on-page, asesoramiento e-commerce y programaci\u00f3n web WordPress WooCommerce a medida:<\/p>\n\n<div class=\"wp-block-buttons is-layout-flex wp-block-buttons-is-layout-flex\"><div class=\"wp-block-button\"><a class=\"wp-block-button__link wp-element-button\" href=\"https:\/\/cachitoswp.com\/about\" title=\"Programaci\u00f3n y desarrollo Web a medida con asesoramiento\" target=\"_blank\" rel=\"noreferrer noopener\">CachitosWP<\/a><\/div><\/div><\/div>\n\n<div class=\"wp-block-column is-layout-flow wp-block-column-is-layout-flow\"><h2 class=\"wp-block-heading\">Webs Amigas<\/h2>\n\n<p>Juguetes educativos y juegos de construcci\u00f3n de importaci\u00f3n a precios de saldo. Juegos de construcciones baratos:<\/p>\n\n<div class=\"wp-block-buttons is-layout-flex wp-block-buttons-is-layout-flex\"><div class=\"wp-block-button\"><a class=\"wp-block-button__link wp-element-button\" href=\"https:\/\/blockytoys.com\" title=\"Juegos de construcciones originales, diferentes y  baratos\" target=\"_blank\" rel=\"noreferrer noopener\">BlockyToys.com<\/a><\/div><\/div>\n\n<div style=\"height:30px\" aria-hidden=\"true\" class=\"wp-block-spacer\"><\/div>\n\n<p>Mercadillo online de coleccionismo y vintage <strong>Coolector<\/strong>, libros, discos e inform\u00e1tica retro:<\/p>\n\n<div class=\"wp-block-buttons is-layout-flex wp-block-buttons-is-layout-flex\"><div class=\"wp-block-button\"><a class=\"wp-block-button__link wp-element-button\" href=\"https:\/\/blockytoys.com\/categorias\/coleccionismo-vintage\/\" title=\"Tienda online de coleccionismo y vintage\" target=\"_blank\" rel=\"noreferrer noopener\">BlockyToys.com\/coolector<\/a><\/div><\/div><\/div><\/div><p><\/p>","protected":false},"excerpt":{"rendered":"<p>Desarrollo web Creaci\u00f3n de contenidos y enriquecimiento SEO on-page, asesoramiento e-commerce y programaci\u00f3n web WordPress WooCommerce a medida: Webs Amigas Juguetes educativos y juegos de construcci\u00f3n de importaci\u00f3n a precios de saldo. Juegos de construcciones baratos: Mercadillo online de coleccionismo y vintage Coolector, libros, discos e inform\u00e1tica retro:<\/p>","protected":false},"author":2,"featured_media":0,"parent":0,"menu_order":0,"comment_status":"closed","ping_status":"closed","template":"","meta":{"_acf_changed":false,"inline_featured_image":false,"footnotes":""},"class_list":["post-16039","page","type-page","status-publish","hentry"],"acf":[],"_links":{"self":[{"href":"https:\/\/balispecialtycoffee.com\/en\/wp-json\/wp\/v2\/pages\/16039"}],"collection":[{"href":"https:\/\/balispecialtycoffee.com\/en\/wp-json\/wp\/v2\/pages"}],"about":[{"href":"https:\/\/balispecialtycoffee.com\/en\/wp-json\/wp\/v2\/types\/page"}],"author":[{"embeddable":true,"href":"https:\/\/balispecialtycoffee.com\/en\/wp-json\/wp\/v2\/users\/2"}],"replies":[{"embeddable":true,"href":"https:\/\/balispecialtycoffee.com\/en\/wp-json\/wp\/v2\/comments?post=16039"}],"version-history":[{"count":3,"href":"https:\/\/balispecialtycoffee.com\/en\/wp-json\/wp\/v2\/pages\/16039\/revisions"}],"predecessor-version":[{"id":16042,"href":"https:\/\/balispecialtycoffee.com\/en\/wp-json\/wp\/v2\/pages\/16039\/revisions\/16042"}],"wp:attachment":[{"href":"https:\/\/balispecialtycoffee.com\/en\/wp-json\/wp\/v2\/media?parent=16039"}],"curies":[{"name":"wp","href":"https:\/\/api.w.org\/{rel}","templated":true}]}}